{"id":207497,"date":"2018-08-21T14:50:07","date_gmt":"2018-08-21T18:50:07","guid":{"rendered":"http:\/\/magisterespresso.com\/?page_id=207497"},"modified":"2018-10-16T15:26:21","modified_gmt":"2018-10-16T19:26:21","slug":"contactez-nous","status":"publish","type":"page","link":"https:\/\/magisterespresso.com\/fr\/contactez-nous\/","title":{"rendered":"Contactez-nous"},"content":{"rendered":"<p>[et_pb_section bb_built=\u00a0\u00bb1&Prime; fullwidth=\u00a0\u00bbon\u00a0\u00bb specialty=\u00a0\u00bboff\u00a0\u00bb next_background_color=\u00a0\u00bb#ffffff\u00a0\u00bb _builder_version=\u00a0\u00bb3.0.106&Prime; background_color_gradient_start=\u00a0\u00bb#4f4f4f\u00a0\u00bb background_color_gradient_end=\u00a0\u00bb#ffffff\u00a0\u00bb background_color=\u00a0\u00bb#4f4f4f\u00a0\u00bb][et_pb_fullwidth_header _builder_version=\u00a0\u00bb3.0.106&Prime; title=\u00a0\u00bbCONTACTEZ NOUS\u00a0\u00bb header_fullscreen=\u00a0\u00bboff\u00a0\u00bb header_scroll_down=\u00a0\u00bboff\u00a0\u00bb image_orientation=\u00a0\u00bbcenter\u00a0\u00bb background_layout=\u00a0\u00bbdark\u00a0\u00bb content_orientation=\u00a0\u00bbcenter\u00a0\u00bb custom_button_one=\u00a0\u00bboff\u00a0\u00bb button_one_icon_placement=\u00a0\u00bbright\u00a0\u00bb custom_button_two=\u00a0\u00bboff\u00a0\u00bb button_two_icon_placement=\u00a0\u00bbright\u00a0\u00bb text_orientation=\u00a0\u00bbcenter\u00a0\u00bb title_font=\u00a0\u00bb|800|||||||\u00a0\u00bb title_text_align=\u00a0\u00bbcenter\u00a0\u00bb title_font_size=\u00a0\u00bb40px\u00a0\u00bb content_text_align=\u00a0\u00bbcenter\u00a0\u00bb content_font_size=\u00a0\u00bb17px\u00a0\u00bb background_color_gradient_start=\u00a0\u00bb#4f4f4f\u00a0\u00bb background_color_gradient_end=\u00a0\u00bb#ffffff\u00a0\u00bb \/][\/et_pb_section][et_pb_section bb_built=\u00a0\u00bb1&Prime; admin_label=\u00a0\u00bbFooter\u00a0\u00bb _builder_version=\u00a0\u00bb3.0.106&Prime; background_color_gradient_direction=\u00a0\u00bb90deg\u00a0\u00bb background_image=\u00a0\u00bbhttp:\/\/magisterespresso.com\/wp-content\/uploads\/2018\/04\/fond-contact2.jpg\u00a0\u00bb parallax=\u00a0\u00bbon\u00a0\u00bb custom_padding=\u00a0\u00bb0px|0px|0px|0px\u00a0\u00bb saved_tabs=\u00a0\u00bball\u00a0\u00bb prev_background_color=\u00a0\u00bb#4f4f4f\u00a0\u00bb][et_pb_row admin_label=\u00a0\u00bbFooter Row\u00a0\u00bb use_custom_gutter=\u00a0\u00bbon\u00a0\u00bb gutter_width=\u00a0\u00bb1&Prime; custom_margin=\u00a0\u00bb4%||2%|\u00a0\u00bb make_equal=\u00a0\u00bbon\u00a0\u00bb padding_top_2=\u00a0\u00bb3%\u00a0\u00bb padding_right_2=\u00a0\u00bb3%\u00a0\u00bb padding_bottom_2=\u00a0\u00bb3%\u00a0\u00bb padding_left_2=\u00a0\u00bb3%\u00a0\u00bb padding_1_last_edited=\u00a0\u00bboff|phone\u00a0\u00bb _builder_version=\u00a0\u00bb3.0.106&Prime; background_size=\u00a0\u00bbinitial\u00a0\u00bb background_position=\u00a0\u00bbtop_left\u00a0\u00bb background_repeat=\u00a0\u00bbrepeat\u00a0\u00bb animation_style=\u00a0\u00bbfade\u00a0\u00bb module_alignment=\u00a0\u00bbcenter\u00a0\u00bb background_color_2=\u00a0\u00bb#ffffff\u00a0\u00bb padding_2_last_edited=\u00a0\u00bbon|phone\u00a0\u00bb][et_pb_column type=\u00a0\u00bb1_2&Prime;][et_pb_text admin_label=\u00a0\u00bb\u00caTES-VOUS ?\u00a0\u00bb _builder_version=\u00a0\u00bb3.0.106&Prime; text_font=\u00a0\u00bb|300|||||||\u00a0\u00bb text_font_size=\u00a0\u00bb20px\u00a0\u00bb text_line_height=\u00a0\u00bb1.9em\u00a0\u00bb header_font=\u00a0\u00bb|300|||||||\u00a0\u00bb header_text_color=\u00a0\u00bb#ea4a24&Prime; header_line_height=\u00a0\u00bb1.9em\u00a0\u00bb header_2_text_color=\u00a0\u00bb#ea4a24&Prime; custom_margin=\u00a0\u00bb|||4%\u00a0\u00bb custom_padding=\u00a0\u00bb|||\u00a0\u00bb background_layout=\u00a0\u00bblight\u00a0\u00bb]<\/p>\n<h2 class=\"title\" data-rgen-sm=\"medium\" data-rgen-id=\"rgPnI\">\u00cates-vous:<\/h2>\n<p>[\/et_pb_text][et_pb_blurb admin_label=\u00a0\u00bbText\u00a0\u00bb icon_placement=\u00a0\u00bbleft\u00a0\u00bb _builder_version=\u00a0\u00bb3.0.106&Prime; body_font_size=\u00a0\u00bb16&Prime; body_line_height=\u00a0\u00bb1.8em\u00a0\u00bb custom_margin=\u00a0\u00bb|-60px||\u00a0\u00bb custom_padding=\u00a0\u00bb|-20px||\u00a0\u00bb animation=\u00a0\u00bboff\u00a0\u00bb max_width_last_edited=\u00a0\u00bbon|desktop\u00a0\u00bb max_width_phone=\u00a0\u00bb70%\u00a0\u00bb url_new_window=\u00a0\u00bboff\u00a0\u00bb use_icon=\u00a0\u00bboff\u00a0\u00bb use_circle=\u00a0\u00bboff\u00a0\u00bb use_circle_border=\u00a0\u00bboff\u00a0\u00bb use_icon_font_size=\u00a0\u00bboff\u00a0\u00bb background_layout=\u00a0\u00bblight\u00a0\u00bb]<\/p>\n<p>Un torr\u00e9facteur?<br \/>\nUn revendeur \/ distributeur?<br \/>\nUne entreprise de r\u00e9paration technique?<br \/>\nUn op\u00e9rateur de plusieurs unit\u00e9s?<br \/>\nUn restaurant?<br \/>\nUn caf\u00e9?<br \/>\nUn h\u00f4tel?<br \/>\nUne caf\u00e9t\u00e9ria?<br \/>\nUn point de vente en libre service?<br \/>\nVous cherchez le meilleur rapport qualit\u00e9-prix?<br \/>\nVous cherchez \u00e0 financer votre \u00e9quipement de caf\u00e9?<\/p>\n<p>[\/et_pb_blurb][et_pb_divider _builder_version=\u00a0\u00bb3.0.106&Prime; \/][et_pb_blurb admin_label=\u00a0\u00bbAppelez nous\u00a0\u00bb title=\u00a0\u00bbAppelez-nous\u00a0\u00bb use_icon=\u00a0\u00bbon\u00a0\u00bb font_icon=\u00a0\u00bb%%104%%\u00a0\u00bb icon_placement=\u00a0\u00bbleft\u00a0\u00bb _builder_version=\u00a0\u00bb3.0.106&Prime; body_font_size=\u00a0\u00bb16&Prime; body_line_height=\u00a0\u00bb1.8em\u00a0\u00bb animation=\u00a0\u00bboff\u00a0\u00bb url_new_window=\u00a0\u00bboff\u00a0\u00bb use_circle=\u00a0\u00bboff\u00a0\u00bb use_circle_border=\u00a0\u00bboff\u00a0\u00bb use_icon_font_size=\u00a0\u00bboff\u00a0\u00bb background_layout=\u00a0\u00bblight\u00a0\u00bb]<\/p>\n<p>Sans frais : 1-855-632-4636<\/p>\n<p>[\/et_pb_blurb][et_pb_divider height=\u00a0\u00bb30px\u00a0\u00bb _builder_version=\u00a0\u00bb3.0.106&Prime; \/][et_pb_image src=\u00a0\u00bbhttp:\/\/magisterespresso.com\/wp-content\/uploads\/2018\/06\/ACCESSORIES_0001_11.jpg\u00a0\u00bb _builder_version=\u00a0\u00bb3.0.106&Prime; show_in_lightbox=\u00a0\u00bboff\u00a0\u00bb url_new_window=\u00a0\u00bboff\u00a0\u00bb use_overlay=\u00a0\u00bboff\u00a0\u00bb always_center_on_mobile=\u00a0\u00bbon\u00a0\u00bb force_fullwidth=\u00a0\u00bboff\u00a0\u00bb show_bottom_space=\u00a0\u00bbon\u00a0\u00bb align=\u00a0\u00bbcenter\u00a0\u00bb disabled=\u00a0\u00bbon\u00a0\u00bb disabled_on=\u00a0\u00bbon|on|on\u00a0\u00bb \/][et_pb_blurb admin_label=\u00a0\u00bbEmail \u00a0\u00bb title=\u00a0\u00bbContactez-nous\u00a0\u00bb use_icon=\u00a0\u00bbon\u00a0\u00bb font_icon=\u00a0\u00bb%%109%%\u00a0\u00bb icon_placement=\u00a0\u00bbleft\u00a0\u00bb _builder_version=\u00a0\u00bb3.0.106&Prime; body_font_size=\u00a0\u00bb16&Prime; body_line_height=\u00a0\u00bb1.8em\u00a0\u00bb animation=\u00a0\u00bboff\u00a0\u00bb max_width_last_edited=\u00a0\u00bbon|phone\u00a0\u00bb max_width_phone=\u00a0\u00bb74%\u00a0\u00bb url_new_window=\u00a0\u00bboff\u00a0\u00bb use_circle=\u00a0\u00bboff\u00a0\u00bb use_circle_border=\u00a0\u00bboff\u00a0\u00bb use_icon_font_size=\u00a0\u00bboff\u00a0\u00bb background_layout=\u00a0\u00bblight\u00a0\u00bb]<\/p>\n<p>Renseignements <a href=\"mailto:info@magisterespresso.com\">info@magisterespresso.com<\/a><br \/>\nSamy Assouline <a href=\"mailto:samy@magisterespresso.com\">samy@magisterespresso.com<\/a><br \/>\nAlex Stantchev <a href=\"mailto:alex@magisterespresso.com\"> alex@magisterespresso.com<\/a><\/p>\n<p>[\/et_pb_blurb][et_pb_divider height=\u00a0\u00bb30px\u00a0\u00bb _builder_version=\u00a0\u00bb3.0.106&Prime; \/][et_pb_blurb admin_label=\u00a0\u00bbConnect with us\u00a0\u00bb title=\u00a0\u00bbNous suivre\u00a0\u00bb use_icon=\u00a0\u00bbon\u00a0\u00bb font_icon=\u00a0\u00bb%%86%%\u00a0\u00bb icon_placement=\u00a0\u00bbleft\u00a0\u00bb _builder_version=\u00a0\u00bb3.0.106&Prime; body_font_size=\u00a0\u00bb16&Prime; body_line_height=\u00a0\u00bb1.8em\u00a0\u00bb custom_margin=\u00a0\u00bb||0px|\u00a0\u00bb custom_padding=\u00a0\u00bb||0px|\u00a0\u00bb animation=\u00a0\u00bboff\u00a0\u00bb url_new_window=\u00a0\u00bboff\u00a0\u00bb use_circle=\u00a0\u00bboff\u00a0\u00bb use_circle_border=\u00a0\u00bboff\u00a0\u00bb use_icon_font_size=\u00a0\u00bboff\u00a0\u00bb background_layout=\u00a0\u00bblight\u00a0\u00bb \/][et_pb_social_media_follow _builder_version=\u00a0\u00bb3.0.106&Prime; custom_padding=\u00a0\u00bb|||10%\u00a0\u00bb custom_padding_last_edited=\u00a0\u00bbon|phone\u00a0\u00bb custom_padding_phone=\u00a0\u00bb|||13%\u00a0\u00bb custom_padding_tablet=\u00a0\u00bb|||14%\u00a0\u00bb][et_pb_social_media_follow_network social_network=\u00a0\u00bbfacebook\u00a0\u00bb url=\u00a0\u00bbhttps:\/\/www.facebook.com\/meci.mtl\u00a0\u00bb _builder_version=\u00a0\u00bb3.0.106&Prime; background_color=\u00a0\u00bb#3b5998&Prime; follow_button=\u00a0\u00bboff\u00a0\u00bb url_new_window=\u00a0\u00bbon\u00a0\u00bb]<\/p>\n<p>Facebook<\/p>\n<p>[\/et_pb_social_media_follow_network][et_pb_social_media_follow_network social_network=\u00a0\u00bblinkedin\u00a0\u00bb url=\u00a0\u00bbhttps:\/\/www.linkedin.com\/in\/samy-assouline-4012a642\/\u00a0\u00bb _builder_version=\u00a0\u00bb3.0.106&Prime; background_color=\u00a0\u00bb#007bb6&Prime; follow_button=\u00a0\u00bboff\u00a0\u00bb url_new_window=\u00a0\u00bbon\u00a0\u00bb]<\/p>\n<p>LinkedIn<\/p>\n<p>[\/et_pb_social_media_follow_network][\/et_pb_social_media_follow][\/et_pb_column][et_pb_column type=\u00a0\u00bb1_2&Prime;][et_pb_text admin_label=\u00a0\u00bbFormulaire FR\u00a0\u00bb module_id=\u00a0\u00bbcontact-us\u00a0\u00bb _builder_version=\u00a0\u00bb3.0.106&Prime; background_layout=\u00a0\u00bblight\u00a0\u00bb]<\/p>\n\n<div class=\"wpcf7 no-js\" id=\"wpcf7-f207701-o1\" lang=\"en-US\" dir=\"ltr\" data-wpcf7-id=\"207701\">\n<div class=\"screen-reader-response\"><p role=\"status\" aria-live=\"polite\" aria-atomic=\"true\"><\/p> <ul><\/ul><\/div>\n<form action=\"\/fr\/wp-json\/wp\/v2\/pages\/207497#wpcf7-f207701-o1\" method=\"post\" class=\"wpcf7-form init\" aria-label=\"Contact form\" novalidate=\"novalidate\" data-status=\"init\">\n<fieldset class=\"hidden-fields-container\"><input type=\"hidden\" name=\"_wpcf7\" value=\"207701\" \/><input type=\"hidden\" name=\"_wpcf7_version\" value=\"6.1.5\" \/><input type=\"hidden\" name=\"_wpcf7_locale\" value=\"en_US\" \/><input type=\"hidden\" name=\"_wpcf7_unit_tag\" value=\"wpcf7-f207701-o1\" \/><input type=\"hidden\" name=\"_wpcf7_container_post\" value=\"0\" \/><input type=\"hidden\" name=\"_wpcf7_posted_data_hash\" value=\"\" \/><input type=\"hidden\" name=\"_wpcf7_recaptcha_response\" value=\"\" \/>\n<\/fieldset>\n<h2 style=\"text-align:center;\"> Remplissez le formulaire\n<\/h2>\n<p style=\"float: left; width: 47%;\"><br \/>\n<label><span class=\"wpcf7-form-control-wrap\" data-name=\"Prenom\"><input size=\"40\" maxlength=\"400\" class=\"wpcf7-form-control wpcf7-text wpcf7-validates-as-required\" aria-required=\"true\" aria-invalid=\"false\" placeholder=\"Pr\u00e9nom\" value=\"\" type=\"text\" name=\"Prenom\" \/><\/span> <\/label>\n<\/p>\n<p style=\"float: right; width: 49%;\"><br \/>\n<label><span class=\"wpcf7-form-control-wrap\" data-name=\"Nom\"><input size=\"40\" maxlength=\"400\" class=\"wpcf7-form-control wpcf7-text wpcf7-validates-as-required\" aria-required=\"true\" aria-invalid=\"false\" placeholder=\"Nom\" value=\"\" type=\"text\" name=\"Nom\" \/><\/span> <\/label>\n<\/p>\n<p><br \/>\n<label><span class=\"wpcf7-form-control-wrap\" data-name=\"Entreprise\"><input size=\"40\" maxlength=\"400\" class=\"wpcf7-form-control wpcf7-text wpcf7-validates-as-required\" aria-required=\"true\" aria-invalid=\"false\" placeholder=\"Entreprise\" value=\"\" type=\"text\" name=\"Entreprise\" \/><\/span> <\/label>\n<\/p>\n<p style=\"float: left; width: 47%;\"><br \/>\n<label><span class=\"wpcf7-form-control-wrap\" data-name=\"Courriel\"><input size=\"40\" maxlength=\"400\" class=\"wpcf7-form-control wpcf7-email wpcf7-validates-as-required wpcf7-text wpcf7-validates-as-email\" aria-required=\"true\" aria-invalid=\"false\" placeholder=\"Courriel*\" value=\"\" type=\"email\" name=\"Courriel\" \/><\/span> <\/label>\n<\/p>\n<p style=\"float: right; width: 49%;\"><label> <span class=\"wpcf7-form-control-wrap\" data-name=\"tel-738\"><input size=\"40\" maxlength=\"400\" class=\"wpcf7-form-control wpcf7-tel wpcf7-text wpcf7-validates-as-tel\" aria-invalid=\"false\" placeholder=\"T\u00e9l\u00e9phone*\" value=\"\" type=\"tel\" name=\"tel-738\" \/><\/span> <\/label>\n<\/p>\n<p><span style=\"float: left;\"> -- Combien de machines votre entreprise souhaite-t-elle acheter ? --<\/span><br \/>\n<label><br \/>\n<span class=\"wpcf7-form-control-wrap\" data-name=\"combien_machines\"><select class=\"wpcf7-form-control wpcf7-select wpcf7-validates-as-required\" aria-required=\"true\" aria-invalid=\"false\" name=\"combien_machines\"><option value=\"Entre 1 et 10 machines\">Entre 1 et 10 machines<\/option><option value=\"Entre 11 et 20 machines\">Entre 11 et 20 machines<\/option><option value=\"Plus de 20 machines\">Plus de 20 machines<\/option><\/select><\/span><br \/>\n<\/label>\n<\/p>\n<p><label><span class=\"wpcf7-form-control-wrap\" data-name=\"message\"><textarea cols=\"40\" rows=\"10\" maxlength=\"2000\" class=\"wpcf7-form-control wpcf7-textarea\" aria-invalid=\"false\" placeholder=\"Votre message\" name=\"message\"><\/textarea><\/span> <\/label>\n<\/p>\n<p><input class=\"wpcf7-form-control wpcf7-submit has-spinner\" type=\"submit\" value=\"Envoyer\" \/>\n<\/p><div class=\"wpcf7-response-output\" aria-hidden=\"true\"><\/div>\n<\/form>\n<\/div>\n\n<p>[\/et_pb_text][\/et_pb_column][\/et_pb_row][\/et_pb_section]<\/p>\n","protected":false},"excerpt":{"rendered":"<p>[et_pb_section bb_built=\u00a0\u00bb1&Prime; fullwidth=\u00a0\u00bbon\u00a0\u00bb specialty=\u00a0\u00bboff\u00a0\u00bb next_background_color=\u00a0\u00bb#ffffff\u00a0\u00bb _builder_version=\u00a0\u00bb3.0.106&Prime; background_color_gradient_start=\u00a0\u00bb#4f4f4f\u00a0\u00bb background_color_gradient_end=\u00a0\u00bb#ffffff\u00a0\u00bb background_color=\u00a0\u00bb#4f4f4f\u00a0\u00bb][et_pb_fullwidth_header _builder_version=\u00a0\u00bb3.0.106&Prime; title=\u00a0\u00bbCONTACTEZ NOUS\u00a0\u00bb header_fullscreen=\u00a0\u00bboff\u00a0\u00bb header_scroll_down=\u00a0\u00bboff\u00a0\u00bb image_orientation=\u00a0\u00bbcenter\u00a0\u00bb background_layout=\u00a0\u00bbdark\u00a0\u00bb content_orientation=\u00a0\u00bbcenter\u00a0\u00bb custom_button_one=\u00a0\u00bboff\u00a0\u00bb button_one_icon_placement=\u00a0\u00bbright\u00a0\u00bb custom_button_two=\u00a0\u00bboff\u00a0\u00bb button_two_icon_placement=\u00a0\u00bbright\u00a0\u00bb text_orientation=\u00a0\u00bbcenter\u00a0\u00bb title_font=\u00a0\u00bb|800|||||||\u00a0\u00bb title_text_align=\u00a0\u00bbcenter\u00a0\u00bb title_font_size=\u00a0\u00bb40px\u00a0\u00bb content_text_align=\u00a0\u00bbcenter\u00a0\u00bb content_font_size=\u00a0\u00bb17px\u00a0\u00bb background_color_gradient_start=\u00a0\u00bb#4f4f4f\u00a0\u00bb background_color_gradient_end=\u00a0\u00bb#ffffff\u00a0\u00bb \/][\/et_pb_section][et_pb_section bb_built=\u00a0\u00bb1&Prime; admin_label=\u00a0\u00bbFooter\u00a0\u00bb _builder_version=\u00a0\u00bb3.0.106&Prime; background_color_gradient_direction=\u00a0\u00bb90deg\u00a0\u00bb background_image=\u00a0\u00bbhttp:\/\/magisterespresso.com\/wp-content\/uploads\/2018\/04\/fond-contact2.jpg\u00a0\u00bb parallax=\u00a0\u00bbon\u00a0\u00bb custom_padding=\u00a0\u00bb0px|0px|0px|0px\u00a0\u00bb saved_tabs=\u00a0\u00bball\u00a0\u00bb prev_background_color=\u00a0\u00bb#4f4f4f\u00a0\u00bb][et_pb_row admin_label=\u00a0\u00bbFooter Row\u00a0\u00bb use_custom_gutter=\u00a0\u00bbon\u00a0\u00bb gutter_width=\u00a0\u00bb1&Prime; custom_margin=\u00a0\u00bb4%||2%|\u00a0\u00bb make_equal=\u00a0\u00bbon\u00a0\u00bb padding_top_2=\u00a0\u00bb3%\u00a0\u00bb padding_right_2=\u00a0\u00bb3%\u00a0\u00bb padding_bottom_2=\u00a0\u00bb3%\u00a0\u00bb padding_left_2=\u00a0\u00bb3%\u00a0\u00bb padding_1_last_edited=\u00a0\u00bboff|phone\u00a0\u00bb _builder_version=\u00a0\u00bb3.0.106&Prime; background_size=\u00a0\u00bbinitial\u00a0\u00bb background_position=\u00a0\u00bbtop_left\u00a0\u00bb background_repeat=\u00a0\u00bbrepeat\u00a0\u00bb animation_style=\u00a0\u00bbfade\u00a0\u00bb [&hellip;]<\/p>\n","protected":false},"author":2,"featured_media":0,"parent":0,"menu_order":8,"comment_status":"closed","ping_status":"closed","template":"","meta":{"_et_pb_use_builder":"on","_et_pb_old_content":"","_et_gb_content_width":"","om_disable_all_campaigns":false,"footnotes":""},"class_list":["post-207497","page","type-page","status-publish","hentry"],"_links":{"self":[{"href":"https:\/\/magisterespresso.com\/fr\/wp-json\/wp\/v2\/pages\/207497","targetHints":{"allow":["GET"]}}],"collection":[{"href":"https:\/\/magisterespresso.com\/fr\/wp-json\/wp\/v2\/pages"}],"about":[{"href":"https:\/\/magisterespresso.com\/fr\/wp-json\/wp\/v2\/types\/page"}],"author":[{"embeddable":true,"href":"https:\/\/magisterespresso.com\/fr\/wp-json\/wp\/v2\/users\/2"}],"replies":[{"embeddable":true,"href":"https:\/\/magisterespresso.com\/fr\/wp-json\/wp\/v2\/comments?post=207497"}],"version-history":[{"count":10,"href":"https:\/\/magisterespresso.com\/fr\/wp-json\/wp\/v2\/pages\/207497\/revisions"}],"predecessor-version":[{"id":207905,"href":"https:\/\/magisterespresso.com\/fr\/wp-json\/wp\/v2\/pages\/207497\/revisions\/207905"}],"wp:attachment":[{"href":"https:\/\/magisterespresso.com\/fr\/wp-json\/wp\/v2\/media?parent=207497"}],"curies":[{"name":"wp","href":"https:\/\/api.w.org\/{rel}","templated":true}]}}